{"id":3460,"date":"2021-03-25T11:57:15","date_gmt":"2021-03-25T11:57:15","guid":{"rendered":"https:\/\/www.iluminho.pt\/recrutement\/"},"modified":"2022-02-21T16:18:40","modified_gmt":"2022-02-21T16:18:40","slug":"recrutement","status":"publish","type":"page","link":"https:\/\/www.iluminho.pt\/fr\/recrutement\/","title":{"rendered":"Recrutement"},"content":{"rendered":"<p>[vc_row][vc_column][vc_row_inner][vc_column_inner offset=\u00a0\u00bbvc_col-md-6&Prime;]<div class=\"deeper-content-box clearfix ctb-996379102 wow fadeInUp\" style=\"\" data-config='{\"padding\":\"0 50px 0 0\",\"mobiPadding\":\"0\",\"margin\":\"0\",\"mobiMargin\":\"0\",\"borderStyleHover\":\"solid\"}' data-wow-duration=\"0.75s\" data-wow-delay=\"0.3s\">\r\n\t\t\t\t\t<div class=\"inner \" style=\"\">\r\n\t\t\t\t\t\t<div class=\"deeper-spacer clearfix\" data-config='{\"desktop\":20,\"mobile\":20,\"smobile\":20}'><\/div><h4 class=\"deeper-text align-left \" style=\"margin-bottom:20px;\" ><span>Si vous voulez faire partie de notre \u00e9quipe, vous devez soumettre votre candidature spontan\u00e9e ou r\u00e9pondre \u00e0 nos annonces ici. <\/span>\n<\/h4><div class=\"deeper-spacer clearfix\" data-config='{\"desktop\":20,\"mobile\":20,\"smobile\":20}'><\/div><div class=\"deeper-text align-left \" style=\"font-size:17px;line-height:27px;margin-bottom:15px;\" ><span>Nous assurons la confidentialit\u00e9 et le secret des informations re\u00e7ues, qu&rsquo;il s&rsquo;agisse de donn\u00e9es personnelles ou professionnelles. <\/span>\n<\/div><div class=\"deeper-text align-left \" style=\"font-size:17px;line-height:27px;margin-bottom:15px;\" ><span>Si vous \u00eates s\u00e9lectionn\u00e9, vous serez contact\u00e9.<\/span>\n<\/div>\r\n\t\t\t\t\t<\/div>\r\n\t\t\t\t\t\r\n\t\t\t\t<\/div>[\/vc_column_inner][vc_column_inner offset=\u00a0\u00bbvc_col-md-6&Prime;]<div class=\"deeper-spacer clearfix\" data-config='{\"mobile\":30,\"smobile\":30}'><\/div><div class=\"deeper-cf7   btn-accent style-1\"><div role=\"form\" class=\"wpcf7\" id=\"wpcf7-f3482-o1\" lang=\"fr-FR\" dir=\"ltr\">\n<div class=\"screen-reader-response\"><p role=\"status\" aria-live=\"polite\" aria-atomic=\"true\"><\/p> <ul><\/ul><\/div>\n<form action=\"\/fr\/wp-json\/wp\/v2\/pages\/3460#wpcf7-f3482-o1\" method=\"post\" class=\"wpcf7-form init\" novalidate=\"novalidate\" data-status=\"init\">\n<div style=\"display: none;\">\n<input type=\"hidden\" name=\"_wpcf7\" value=\"3482\" \/>\n<input type=\"hidden\" name=\"_wpcf7_version\" value=\"5.5.6.1\" \/>\n<input type=\"hidden\" name=\"_wpcf7_locale\" value=\"fr_FR\" \/>\n<input type=\"hidden\" name=\"_wpcf7_unit_tag\" value=\"wpcf7-f3482-o1\" \/>\n<input type=\"hidden\" name=\"_wpcf7_container_post\" value=\"0\" \/>\n<input type=\"hidden\" name=\"_wpcf7_posted_data_hash\" value=\"\" \/>\n<\/div>\n<p><span class=\"wpcf7-form-control-wrap your-name\"><input type=\"text\" name=\"your-name\" value=\"Nom\" size=\"40\" class=\"wpcf7-form-control wpcf7-text wpcf7-validates-as-required\" aria-required=\"true\" aria-invalid=\"false\" \/><\/span><\/p>\n<p><span class=\"wpcf7-form-control-wrap your-email\"><input type=\"email\" name=\"your-email\" value=\"E-mail\" size=\"40\" class=\"wpcf7-form-control wpcf7-text wpcf7-email wpcf7-validates-as-required wpcf7-validates-as-email\" aria-required=\"true\" aria-invalid=\"false\" \/><\/span><\/p>\n<p><span class=\"wpcf7-form-control-wrap your-message\"><textarea name=\"your-message\" cols=\"40\" rows=\"10\" class=\"wpcf7-form-control wpcf7-textarea\" aria-invalid=\"false\">Message<\/textarea><\/span><\/p>\n<p><span class=\"wpcf7-form-control-wrap\" data-name=\"AnexarCV\"><input type=\"file\" size=\"40\" class=\"wpcf7-form-control wpcf7-drag-n-drop-file d-none\" aria-required=\"true\" aria-invalid=\"false\" multiple=\"multiple\" data-name=\"AnexarCV\" data-type=\"pdf\" data-id=\"3482\" data-version=\"free version 1.3.9.6\" accept=\".pdf\" \/><\/span><br \/>\n<div id=\"cf7sr-69d1d31021e0d\" class=\"cf7sr-g-recaptcha\" data-sitekey=\"6LdEGhIeAAAAADJH5pB-wQ4dN9cMCBOn05auJ8hG\"><\/div><span class=\"wpcf7-form-control-wrap cf7sr-recaptcha\"><input type=\"hidden\" name=\"cf7sr-recaptcha\" value=\"\" class=\"wpcf7-form-control\"><\/span><br \/>\n<button class=\"wpcf7-submit\">Envoyer<\/button><\/p>\n<div class=\"wpcf7-response-output\" aria-hidden=\"true\"><\/div><\/form><\/div><\/div>[\/vc_column_inner][\/vc_row_inner]<div class=\"deeper-spacer clearfix\" data-config='{\"desktop\":100,\"mobile\":80,\"smobile\":60}'><\/div>[\/vc_column][\/vc_row]<\/p>\n","protected":false},"excerpt":{"rendered":"<p>[vc_row][vc_column][vc_row_inner][vc_column_inner offset=\u00a0\u00bbvc_col-md-6&Prime;][\/vc_column_inner][vc_column_inner offset=\u00a0\u00bbvc_col-md-6&Prime;][\/vc_column_inner][\/vc_row_inner][\/vc_column][\/vc_row]<\/p>\n","protected":false},"author":1,"featured_media":0,"parent":0,"menu_order":0,"comment_status":"closed","ping_status":"closed","template":"","meta":[],"_links":{"self":[{"href":"https:\/\/www.iluminho.pt\/fr\/wp-json\/wp\/v2\/pages\/3460"}],"collection":[{"href":"https:\/\/www.iluminho.pt\/fr\/wp-json\/wp\/v2\/pages"}],"about":[{"href":"https:\/\/www.iluminho.pt\/fr\/wp-json\/wp\/v2\/types\/page"}],"author":[{"embeddable":true,"href":"https:\/\/www.iluminho.pt\/fr\/wp-json\/wp\/v2\/users\/1"}],"replies":[{"embeddable":true,"href":"https:\/\/www.iluminho.pt\/fr\/wp-json\/wp\/v2\/comments?post=3460"}],"version-history":[{"count":7,"href":"https:\/\/www.iluminho.pt\/fr\/wp-json\/wp\/v2\/pages\/3460\/revisions"}],"predecessor-version":[{"id":3595,"href":"https:\/\/www.iluminho.pt\/fr\/wp-json\/wp\/v2\/pages\/3460\/revisions\/3595"}],"wp:attachment":[{"href":"https:\/\/www.iluminho.pt\/fr\/wp-json\/wp\/v2\/media?parent=3460"}],"curies":[{"name":"wp","href":"https:\/\/api.w.org\/{rel}","templated":true}]}}